{"id":1302,"date":"2020-07-08T21:17:23","date_gmt":"2020-07-08T21:17:23","guid":{"rendered":"http:\/\/konveks.eu\/izdelek\/nadzorno-ogeldalo-plocevina-inox-600-x-800\/"},"modified":"2020-07-23T12:56:55","modified_gmt":"2020-07-23T12:56:55","slug":"nadzorno-ogledalo-plocevina-inox-600-x-800","status":"publish","type":"product","link":"https:\/\/konveks.eu\/en\/izdelek\/nadzorno-ogledalo-plocevina-inox-600-x-800\/","title":{"rendered":"Nadzorno ogledalo plo\u010devina INOX 600 x 800 mm"},"content":{"rendered":"<div class=\"wpforms-container wpforms-container-full\" id=\"wpforms-2029\"><form id=\"wpforms-form-2029\" class=\"wpforms-validate wpforms-form\" data-formid=\"2029\" method=\"post\" enctype=\"multipart\/form-data\" action=\"\/en\/wp-json\/wp\/v2\/product\/1302\" data-token=\"56bfccfdad2be83e433a4117bfd474bd\"><div class=\"wpforms-head-container\"><div class=\"wpforms-title\">An inquiry for safety mirrors<\/div><\/div><noscript class=\"wpforms-error-noscript\">Please enable JavaScript in your browser to complete this form.<\/noscript><div class=\"wpforms-field-container\"><div id=\"wpforms-2029-field_0-container\" class=\"wpforms-field wpforms-field-name wpforms-one-half wpforms-first\" data-field-id=\"0\"><label class=\"wpforms-field-label\" for=\"wpforms-2029-field_0\">Name <span class=\"wpforms-required-label\">*<\/span><\/label><input type=\"text\" id=\"wpforms-2029-field_0\" class=\"wpforms-field-large wpforms-field-required\" name=\"wpforms[fields][0]\" required><\/div><div id=\"wpforms-2029-field_3-container\" class=\"wpforms-field wpforms-field-name wpforms-one-half\" data-field-id=\"3\"><label class=\"wpforms-field-label\" for=\"wpforms-2029-field_3\">Company<\/label><input type=\"text\" id=\"wpforms-2029-field_3\" class=\"wpforms-field-large\" name=\"wpforms[fields][3]\" ><\/div><div id=\"wpforms-2029-field_4-container\" class=\"wpforms-field wpforms-field-text wpforms-one-half wpforms-first\" data-field-id=\"4\"><label class=\"wpforms-field-label\" for=\"wpforms-2029-field_4\">Address<\/label><input type=\"text\" id=\"wpforms-2029-field_4\" class=\"wpforms-field-large\" name=\"wpforms[fields][4]\" ><\/div><div id=\"wpforms-2029-field_7-container\" class=\"wpforms-field wpforms-field-text wpforms-one-half\" data-field-id=\"7\"><label class=\"wpforms-field-label\" for=\"wpforms-2029-field_7\">Phone<\/label><input type=\"text\" id=\"wpforms-2029-field_7\" class=\"wpforms-field-large\" name=\"wpforms[fields][7]\" ><\/div><div id=\"wpforms-2029-field_1-container\" class=\"wpforms-field wpforms-field-email wpforms-one-half wpforms-first\" data-field-id=\"1\"><label class=\"wpforms-field-label\" for=\"wpforms-2029-field_1\">E-mail <span class=\"wpforms-required-label\">*<\/span><\/label><input type=\"email\" id=\"wpforms-2029-field_1\" class=\"wpforms-field-large wpforms-field-required\" name=\"wpforms[fields][1]\" required><\/div><div id=\"wpforms-2029-field_2-container\" class=\"wpforms-field wpforms-field-textarea wpforms-one-half\" data-field-id=\"2\"><label class=\"wpforms-field-label\" for=\"wpforms-2029-field_2\">Mesage<\/label><textarea id=\"wpforms-2029-field_2\" class=\"wpforms-field-small\" name=\"wpforms[fields][2]\" ><\/textarea><\/div><\/div><div class=\"wpforms-field wpforms-field-hp\"><label for=\"wpforms-2029-field-hp\" class=\"wpforms-field-label\">Phone<\/label><input type=\"text\" name=\"wpforms[hp]\" id=\"wpforms-2029-field-hp\" class=\"wpforms-field-medium\"><\/div><div class=\"wpforms-submit-container\" ><input type=\"hidden\" name=\"wpforms[id]\" value=\"2029\"><input type=\"hidden\" name=\"wpforms[author]\" value=\"1\"><button type=\"submit\" name=\"wpforms[submit]\" class=\"wpforms-submit \" id=\"wpforms-submit-2029\" value=\"wpforms-submit\" aria-live=\"assertive\" data-alt-text=\"Sending...\" data-submit-text=\"Send inquiry\">Send inquiry<\/button><\/div><\/form><\/div>  <!-- .wpforms-container -->\n","protected":false},"excerpt":{"rendered":"<p>Nadzorno ogledalo iz visoko polirane plo\u010devine \u2013 inox, je namenjena nadzoru skladi\u0161\u010d ali nepreglednih kri\u017ei\u0161\u010d vili\u010darskih transportnih poti v skladi\u0161\u010dih, kjer je mo\u017enost razbitja velika. INOX le\u010da je prakti\u010dno neuni\u010dljiva.<\/p>\n<p>Ogledalno je primerno tudi za zunanjo uporabo.<\/p>\n<p>Dimenzije 600 x 800 mm. Kot nadzora do 120\u00b0.<\/p>\n","protected":false},"featured_media":1611,"template":"","meta":[],"_links":{"self":[{"href":"https:\/\/konveks.eu\/en\/wp-json\/wp\/v2\/product\/1302"}],"collection":[{"href":"https:\/\/konveks.eu\/en\/wp-json\/wp\/v2\/product"}],"about":[{"href":"https:\/\/konveks.eu\/en\/wp-json\/wp\/v2\/types\/product"}],"version-history":[{"count":3,"href":"https:\/\/konveks.eu\/en\/wp-json\/wp\/v2\/product\/1302\/revisions"}],"predecessor-version":[{"id":2241,"href":"https:\/\/konveks.eu\/en\/wp-json\/wp\/v2\/product\/1302\/revisions\/2241"}],"wp:featuredmedia":[{"embeddable":true,"href":"https:\/\/konveks.eu\/en\/wp-json\/wp\/v2\/media\/1611"}],"wp:attachment":[{"href":"https:\/\/konveks.eu\/en\/wp-json\/wp\/v2\/media?parent=1302"}],"curies":[{"name":"wp","href":"https:\/\/api.w.org\/{rel}","templated":true}]}}