{"id":538,"date":"2018-10-22T06:42:52","date_gmt":"2018-10-22T06:42:52","guid":{"rendered":"https:\/\/customifysites.com\/outfit\/?page_id=538"},"modified":"2020-07-25T08:10:58","modified_gmt":"2020-07-25T08:10:58","slug":"payment-delivery","status":"publish","type":"page","link":"https:\/\/konveks.eu\/en\/payment-delivery\/","title":{"rendered":"Pla\u010dila in Dostava"},"content":{"rendered":"\t\t<div data-elementor-type=\"wp-post\" data-elementor-id=\"538\" class=\"elementor elementor-538\" data-elementor-settings=\"[]\">\n\t\t\t\t\t\t<div class=\"elementor-inner\">\n\t\t\t\t\t\t\t<div class=\"elementor-section-wrap\">\n\t\t\t\t\t\t\t<section class=\"elementor-section elementor-top-section elementor-element elementor-element-dae3f5d elementor-section-boxed elementor-section-height-default elementor-section-height-default\" data-id=\"dae3f5d\" data-element_type=\"section\">\n\t\t\t\t\t\t<div class=\"elementor-container elementor-column-gap-default\">\n\t\t\t\t\t\t\t<div class=\"elementor-row\">\n\t\t\t\t\t<div class=\"elementor-column elementor-col-50 elementor-top-column elementor-element elementor-element-c899039\" data-id=\"c899039\" data-element_type=\"column\">\n\t\t\t<div class=\"elementor-column-wrap elementor-element-populated\">\n\t\t\t\t\t\t\t<div class=\"elementor-widget-wrap\">\n\t\t\t\t\t\t<div class=\"elementor-element elementor-element-6b6cd62 elementor-widget elementor-widget-heading\" data-id=\"6b6cd62\" data-element_type=\"widget\" data-widget_type=\"heading.default\">\n\t\t\t\t<div class=\"elementor-widget-container\">\n\t\t\t<h2 class=\"elementor-heading-title elementor-size-default\">PLA\u010cILA<\/h2>\t\t<\/div>\n\t\t\t\t<\/div>\n\t\t\t\t<div class=\"elementor-element elementor-element-9c926ae elementor-widget elementor-widget-text-editor\" data-id=\"9c926ae\" data-element_type=\"widget\" data-widget_type=\"text-editor.default\">\n\t\t\t\t<div class=\"elementor-widget-container\">\n\t\t\t\t\t<div class=\"elementor-text-editor elementor-clearfix\"><p>Mo\u017ene so naslednje mo\u017enosti oblike pla\u010devanja (mo\u017enosti pla\u010devanja so navedene ob zaklju\u010dku nakupa):<\/p><ul><li><strong>Gotovina ob osebnem prevzemu <br \/><\/strong><\/li><li><strong>Pla\u010dilo po predra\u010dunu (po poslanem naro\u010dilu Vam predra\u010dun po\u0161ljemo na vpisan e-mail v PDF obliki)<br \/><\/strong><\/li><li><strong>Pla\u010dilo po povzetju (obra\u010duna se provizija za pla\u010dilo po povzetju v znesku 1,22 \u20ac )<br \/><\/strong><\/li><\/ul><\/div>\n\t\t\t\t<\/div>\n\t\t\t\t<\/div>\n\t\t\t\t\t\t<\/div>\n\t\t\t\t\t<\/div>\n\t\t<\/div>\n\t\t\t\t<div class=\"elementor-column elementor-col-50 elementor-top-column elementor-element elementor-element-9c3105c\" data-id=\"9c3105c\" data-element_type=\"column\">\n\t\t\t<div class=\"elementor-column-wrap elementor-element-populated\">\n\t\t\t\t\t\t\t<div class=\"elementor-widget-wrap\">\n\t\t\t\t\t\t<div class=\"elementor-element elementor-element-4d9a41d elementor-widget elementor-widget-heading\" data-id=\"4d9a41d\" data-element_type=\"widget\" data-widget_type=\"heading.default\">\n\t\t\t\t<div class=\"elementor-widget-container\">\n\t\t\t<h3 class=\"elementor-heading-title elementor-size-default\">DOSTAVA<\/h3>\t\t<\/div>\n\t\t\t\t<\/div>\n\t\t\t\t<div class=\"elementor-element elementor-element-7a01392 elementor-widget elementor-widget-text-editor\" data-id=\"7a01392\" data-element_type=\"widget\" data-widget_type=\"text-editor.default\">\n\t\t\t\t<div class=\"elementor-widget-container\">\n\t\t\t\t\t<div class=\"elementor-text-editor elementor-clearfix\"><p>Stro\u0161ki dostave so odvisni od izbranega na\u010dina dostave ter velikosti in te\u017ee paketa. Stro\u0161ek je prikazan in obra\u010dunan ob zaklju\u010dku nakupa.<\/p><p>Mo\u017enosti dostave:<\/p><ul><li><strong>Na\u0161a dostava<\/strong><\/li><li><strong>Po\u0161ta Slovenije<\/strong><\/li><li><strong>DPD<\/strong><\/li><\/ul><p><a href=\"https:\/\/konveks.si\/prevzemna-mesta\/\">Mo\u017een je osebni prevzem na dveh prevzemnih mestih. <\/a><a href=\"https:\/\/konveks.si\/prevzemna-mesta\/\"><span style=\"text-decoration: underline;\">Poglej prevzemni mesti&#8230;<\/span><\/a><\/p><\/div>\n\t\t\t\t<\/div>\n\t\t\t\t<\/div>\n\t\t\t\t<div class=\"elementor-element elementor-element-10f5798 elementor-widget elementor-widget-accordion\" data-id=\"10f5798\" data-element_type=\"widget\" data-widget_type=\"accordion.default\">\n\t\t\t\t<div class=\"elementor-widget-container\">\n\t\t\t\t\t<div class=\"elementor-accordion\" role=\"tablist\">\n\t\t\t\t\t\t\t<div class=\"elementor-accordion-item\">\n\t\t\t\t\t<div id=\"elementor-tab-title-1771\" class=\"elementor-tab-title\" data-tab=\"1\" role=\"tab\" aria-controls=\"elementor-tab-content-1771\">\n\t\t\t\t\t\t\t\t\t\t\t\t\t<span class=\"elementor-accordion-icon elementor-accordion-icon-right\" aria-hidden=\"true\">\n\t\t\t\t\t\t\t\t\t\t\t\t\t\t\t<span class=\"elementor-accordion-icon-closed\"><i class=\"fas fa-angle-down\"><\/i><\/span>\n\t\t\t\t\t\t\t\t<span class=\"elementor-accordion-icon-opened\"><i class=\"fas fa-angle-up\"><\/i><\/span>\n\t\t\t\t\t\t\t\t\t\t\t\t\t\t<\/span>\n\t\t\t\t\t\t\t\t\t\t\t\t<a class=\"elementor-accordion-title\" href=\"\">Kak\u0161en je dostavni rok?<\/a>\n\t\t\t\t\t<\/div>\n\t\t\t\t\t<div id=\"elementor-tab-content-1771\" class=\"elementor-tab-content elementor-clearfix\" data-tab=\"1\" role=\"tabpanel\" aria-labelledby=\"elementor-tab-title-1771\"><p>Dostavni rok ve\u010dinoma zna\u0161a 2 &#8211; 5 delovnih dni (\u010de je artikelna zalogi). Rok za\u010dne te\u010di z dnem <span style=\"text-decoration: underline;\">prejetega pla\u010dila predra\u010duna<\/span> ali <span style=\"text-decoration: underline;\">potrjenega naro\u010dila<\/span> s pla\u010dilom po povzetju.<\/p><p>To\u010den dostavni rok vam sporo\u010dimo po prejetju povpra\u0161evanja ali naro\u010dila.<\/p><\/div>\n\t\t\t\t<\/div>\n\t\t\t\t\t<\/div>\n\t\t\t\t<\/div>\n\t\t\t\t<\/div>\n\t\t\t\t\t\t<\/div>\n\t\t\t\t\t<\/div>\n\t\t<\/div>\n\t\t\t\t\t\t\t\t<\/div>\n\t\t\t\t\t<\/div>\n\t\t<\/section>\n\t\t\t\t\t\t<\/div>\n\t\t\t\t\t\t<\/div>\n\t\t\t\t\t<\/div>\n\t\t","protected":false},"excerpt":{"rendered":"<p>PLA\u010cILA Mo\u017ene so naslednje mo\u017enosti oblike pla\u010devanja (mo\u017enosti pla\u010devanja so navedene ob zaklju\u010dku nakupa): Gotovina ob osebnem prevzemu Pla\u010dilo po predra\u010dunu (po poslanem naro\u010dilu Vam&hellip;<\/p>\n","protected":false},"author":2,"featured_media":0,"parent":0,"menu_order":0,"comment_status":"closed","ping_status":"closed","template":"","meta":[],"_links":{"self":[{"href":"https:\/\/konveks.eu\/en\/wp-json\/wp\/v2\/pages\/538"}],"collection":[{"href":"https:\/\/konveks.eu\/en\/wp-json\/wp\/v2\/pages"}],"about":[{"href":"https:\/\/konveks.eu\/en\/wp-json\/wp\/v2\/types\/page"}],"author":[{"embeddable":true,"href":"https:\/\/konveks.eu\/en\/wp-json\/wp\/v2\/users\/2"}],"replies":[{"embeddable":true,"href":"https:\/\/konveks.eu\/en\/wp-json\/wp\/v2\/comments?post=538"}],"version-history":[{"count":9,"href":"https:\/\/konveks.eu\/en\/wp-json\/wp\/v2\/pages\/538\/revisions"}],"predecessor-version":[{"id":2299,"href":"https:\/\/konveks.eu\/en\/wp-json\/wp\/v2\/pages\/538\/revisions\/2299"}],"wp:attachment":[{"href":"https:\/\/konveks.eu\/en\/wp-json\/wp\/v2\/media?parent=538"}],"curies":[{"name":"wp","href":"https:\/\/api.w.org\/{rel}","templated":true}]}}