{"id":1903,"date":"2020-07-11T15:45:32","date_gmt":"2020-07-11T15:45:32","guid":{"rendered":"http:\/\/konveks.eu\/?post_type=product&#038;p=1903"},"modified":"2021-11-10T11:15:30","modified_gmt":"2021-11-10T09:15:30","slug":"montazno-kozmeticno-ogledalo-fi-100-mm","status":"publish","type":"product","link":"https:\/\/konveks.eu\/de\/izdelek\/montazno-kozmeticno-ogledalo-fi-100-mm\/","title":{"rendered":"Monta\u017eno kozmeti\u010dno ogledalo, fi 100 mm"},"content":{"rendered":"<p>Po\u0161ljite povpra\u0161evanje<\/p>\n<div class=\"wpforms-container wpforms-container-full\" id=\"wpforms-1787\"><form id=\"wpforms-form-1787\" class=\"wpforms-validate wpforms-form\" data-formid=\"1787\" method=\"post\" enctype=\"multipart\/form-data\" action=\"\/de\/wp-json\/wp\/v2\/product\/1903\" data-token=\"56bfccfdad2be83e433a4117bfd474bd\" data-trp-original-action=\"\/de\/wp-json\/wp\/v2\/product\/1903\"><noscript class=\"wpforms-error-noscript\">Bitte aktiviere JavaScript in deinem Browser, um dieses Formular fertigzustellen.<\/noscript><div class=\"wpforms-field-container\"><div id=\"wpforms-1787-field_0-container\" class=\"wpforms-field wpforms-field-name wpforms-one-half wpforms-first\" data-field-id=\"0\"><label class=\"wpforms-field-label\" for=\"wpforms-1787-field_0\">Name <span class=\"wpforms-required-label\">*<\/span><\/label><input type=\"text\" id=\"wpforms-1787-field_0\" class=\"wpforms-field-large wpforms-field-required\" name=\"wpforms[fields][0]\" required><\/div><div id=\"wpforms-1787-field_3-container\" class=\"wpforms-field wpforms-field-name wpforms-one-half\" data-field-id=\"3\"><label class=\"wpforms-field-label\" for=\"wpforms-1787-field_3\">Company<\/label><input type=\"text\" id=\"wpforms-1787-field_3\" class=\"wpforms-field-large\" name=\"wpforms[fields][3]\" ><\/div><div id=\"wpforms-1787-field_4-container\" class=\"wpforms-field wpforms-field-text wpforms-one-half wpforms-first\" data-field-id=\"4\"><label class=\"wpforms-field-label\" for=\"wpforms-1787-field_4\">Address<\/label><input type=\"text\" id=\"wpforms-1787-field_4\" class=\"wpforms-field-large\" name=\"wpforms[fields][4]\" ><\/div><div id=\"wpforms-1787-field_7-container\" class=\"wpforms-field wpforms-field-text wpforms-one-half\" data-field-id=\"7\"><label class=\"wpforms-field-label\" for=\"wpforms-1787-field_7\">Phone<\/label><input type=\"text\" id=\"wpforms-1787-field_7\" class=\"wpforms-field-large\" name=\"wpforms[fields][7]\" ><\/div><div id=\"wpforms-1787-field_1-container\" class=\"wpforms-field wpforms-field-email wpforms-one-half wpforms-first\" data-field-id=\"1\"><label class=\"wpforms-field-label\" for=\"wpforms-1787-field_1\">E-mail <span class=\"wpforms-required-label\">*<\/span><\/label><input type=\"email\" id=\"wpforms-1787-field_1\" class=\"wpforms-field-large wpforms-field-required\" name=\"wpforms[fields][1]\" required><\/div><div id=\"wpforms-1787-field_2-container\" class=\"wpforms-field wpforms-field-textarea wpforms-one-half\" data-field-id=\"2\"><label class=\"wpforms-field-label\" for=\"wpforms-1787-field_2\">Mesage<\/label><textarea id=\"wpforms-1787-field_2\" class=\"wpforms-field-small\" name=\"wpforms[fields][2]\" ><\/textarea><\/div><\/div><div class=\"wpforms-field wpforms-field-hp\"><label for=\"wpforms-1787-field-hp\" class=\"wpforms-field-label\">Phone<\/label><input type=\"text\" name=\"wpforms[hp]\" id=\"wpforms-1787-field-hp\" class=\"wpforms-field-medium\"><\/div><div class=\"wpforms-submit-container\" ><input type=\"hidden\" name=\"wpforms[id]\" value=\"1787\"><input type=\"hidden\" name=\"wpforms[author]\" value=\"1\"><button type=\"submit\" name=\"wpforms[submit]\" class=\"wpforms-submit\" id=\"wpforms-submit-1787\" value=\"wpforms-submit\" aria-live=\"assertive\" data-alt-text=\"Sending...\" data-submit-text=\"Send an inquiry\">Schicken Sie Ihre Anfrage<\/button><\/div><input type=\"hidden\" name=\"trp-form-language\" value=\"de\"\/><\/form><\/div>  <!-- .wpforms-container -->","protected":false},"excerpt":{"rendered":"<p>Kozmeti\u010dno ogledalo namenjeno za monta\u017eo na kopalni\u0161ko ogledalo, steno, vrata ormarice ali katerokoli ravno povr\u0161ino. Ni potrebe po izdelavi novega kopalni\u0161kega ogledala ali rezanja luknje za ogledalo. To ogledalo se lahko neposredno pritrdi na va\u0161e obstoje\u010de ogledalo.<\/p>\n<p>&nbsp;<\/p>\n<ul>\n<li>Ogledalo ima na zadnji strani inox nosilec, kateri se preko dvostranskega lepilnega traku namesti na povr\u0161ino.<\/li>\n<li>Name\u0161\u010deno ogledalo odstopa od ozadja pribli\u017eno 2 cm<\/li>\n<\/ul>\n<p>&nbsp;<\/p>\n<p><em>Vsa ogledala delamo tudi po meri, zato nas kontaktirajte za individualno ponudbo.<\/em><\/p>","protected":false},"featured_media":1858,"template":"","meta":[],"_links":{"self":[{"href":"https:\/\/konveks.eu\/de\/wp-json\/wp\/v2\/product\/1903"}],"collection":[{"href":"https:\/\/konveks.eu\/de\/wp-json\/wp\/v2\/product"}],"about":[{"href":"https:\/\/konveks.eu\/de\/wp-json\/wp\/v2\/types\/product"}],"version-history":[{"count":1,"href":"https:\/\/konveks.eu\/de\/wp-json\/wp\/v2\/product\/1903\/revisions"}],"predecessor-version":[{"id":1909,"href":"https:\/\/konveks.eu\/de\/wp-json\/wp\/v2\/product\/1903\/revisions\/1909"}],"wp:featuredmedia":[{"embeddable":true,"href":"https:\/\/konveks.eu\/de\/wp-json\/wp\/v2\/media\/1858"}],"wp:attachment":[{"href":"https:\/\/konveks.eu\/de\/wp-json\/wp\/v2\/media?parent=1903"}],"curies":[{"name":"wp","href":"https:\/\/api.w.org\/{rel}","templated":true}]}}