{"id":1254,"date":"2020-07-08T21:16:40","date_gmt":"2020-07-08T21:16:40","guid":{"rendered":"http:\/\/konveks.eu\/izdelek\/umirjevalec-prometa-visina-7-cm-zakljucna-plosca\/"},"modified":"2020-07-23T20:20:06","modified_gmt":"2020-07-23T20:20:06","slug":"umirjevalec-prometa-visina-7-cm-zakljucna-plosca","status":"publish","type":"product","link":"https:\/\/konveks.eu\/de\/izdelek\/umirjevalec-prometa-visina-7-cm-zakljucna-plosca\/","title":{"rendered":"Umirjevalec prometa, TIP 70 \u2013 30 km\/h, zaklju\u010dna plo\u0161\u010da"},"content":{"rendered":"<p>Za dodatne informacije po\u0161lite povpra\u0161evanje ali nas pokli\u010dite na 040 510 879.<\/p>\n<div class=\"wpforms-container wpforms-container-full\" id=\"wpforms-1787\"><form id=\"wpforms-form-1787\" class=\"wpforms-validate wpforms-form\" data-formid=\"1787\" method=\"post\" enctype=\"multipart\/form-data\" action=\"\/de\/wp-json\/wp\/v2\/product\/1254\" data-token=\"365c3e54b26a381bb7f99c14027583ad\" data-trp-original-action=\"\/de\/wp-json\/wp\/v2\/product\/1254\"><div class=\"wpforms-head-container\"><div class=\"wpforms-title\">Schicken Sie Ihre Anfrage<\/div><\/div><noscript class=\"wpforms-error-noscript\">Bitte aktiviere JavaScript in deinem Browser, um dieses Formular fertigzustellen.<\/noscript><div class=\"wpforms-field-container\"><div id=\"wpforms-1787-field_0-container\" class=\"wpforms-field wpforms-field-name wpforms-one-half wpforms-first\" data-field-id=\"0\"><label class=\"wpforms-field-label\" for=\"wpforms-1787-field_0\">Name <span class=\"wpforms-required-label\">*<\/span><\/label><input type=\"text\" id=\"wpforms-1787-field_0\" class=\"wpforms-field-large wpforms-field-required\" name=\"wpforms[fields][0]\" required><\/div><div id=\"wpforms-1787-field_3-container\" class=\"wpforms-field wpforms-field-name wpforms-one-half\" data-field-id=\"3\"><label class=\"wpforms-field-label\" for=\"wpforms-1787-field_3\">Company<\/label><input type=\"text\" id=\"wpforms-1787-field_3\" class=\"wpforms-field-large\" name=\"wpforms[fields][3]\" ><\/div><div id=\"wpforms-1787-field_4-container\" class=\"wpforms-field wpforms-field-text wpforms-one-half wpforms-first\" data-field-id=\"4\"><label class=\"wpforms-field-label\" for=\"wpforms-1787-field_4\">Address<\/label><input type=\"text\" id=\"wpforms-1787-field_4\" class=\"wpforms-field-large\" name=\"wpforms[fields][4]\" ><\/div><div id=\"wpforms-1787-field_7-container\" class=\"wpforms-field wpforms-field-text wpforms-one-half\" data-field-id=\"7\"><label class=\"wpforms-field-label\" for=\"wpforms-1787-field_7\">Phone<\/label><input type=\"text\" id=\"wpforms-1787-field_7\" class=\"wpforms-field-large\" name=\"wpforms[fields][7]\" ><\/div><div id=\"wpforms-1787-field_1-container\" class=\"wpforms-field wpforms-field-email wpforms-one-half wpforms-first\" data-field-id=\"1\"><label class=\"wpforms-field-label\" for=\"wpforms-1787-field_1\">E-mail <span class=\"wpforms-required-label\">*<\/span><\/label><input type=\"email\" id=\"wpforms-1787-field_1\" class=\"wpforms-field-large wpforms-field-required\" name=\"wpforms[fields][1]\" required><\/div><div id=\"wpforms-1787-field_2-container\" class=\"wpforms-field wpforms-field-textarea wpforms-one-half\" data-field-id=\"2\"><label class=\"wpforms-field-label\" for=\"wpforms-1787-field_2\">Mesage<\/label><textarea id=\"wpforms-1787-field_2\" class=\"wpforms-field-small\" name=\"wpforms[fields][2]\" ><\/textarea><\/div><\/div><div class=\"wpforms-field wpforms-field-hp\"><label for=\"wpforms-1787-field-hp\" class=\"wpforms-field-label\">Email<\/label><input type=\"text\" name=\"wpforms[hp]\" id=\"wpforms-1787-field-hp\" class=\"wpforms-field-medium\"><\/div><div class=\"wpforms-submit-container\" ><input type=\"hidden\" name=\"wpforms[id]\" value=\"1787\"><input type=\"hidden\" name=\"wpforms[author]\" value=\"1\"><button type=\"submit\" name=\"wpforms[submit]\" class=\"wpforms-submit\" id=\"wpforms-submit-1787\" value=\"wpforms-submit\" aria-live=\"assertive\" data-alt-text=\"Sending...\" data-submit-text=\"Send an inquiry\">Schicken Sie Ihre Anfrage<\/button><\/div><input type=\"hidden\" name=\"trp-form-language\" value=\"de\"\/><\/form><\/div>  <!-- .wpforms-container -->","protected":false},"excerpt":{"rendered":"<p>Zaklju\u010dna plo\u0161\u010da umirjevalca prometa <span style=\"color: #358bfc;\">vi\u0161ine 7,0 cm<\/span>, namenjena dopolnitvi sredinskih plo\u0161\u010d. Plo\u0161\u010de predstavljajo fizi\u010dne monta\u017ene ovire, ki so namenjene umirjanju prometa v stanovanjskih naseljih, bli\u017eini \u0161ol in vrtcev, kjer je <span style=\"font-size: 12pt; color: #358bfc;\">omejitev hitrosti 30 km\/h.<\/span><\/p>\n<p class=\"text-justify\">Izdelani so iz trde gume. Montirajo se direktno na vozi\u0161\u010de.<\/p>","protected":false},"featured_media":1555,"template":"","meta":[],"_links":{"self":[{"href":"https:\/\/konveks.eu\/de\/wp-json\/wp\/v2\/product\/1254"}],"collection":[{"href":"https:\/\/konveks.eu\/de\/wp-json\/wp\/v2\/product"}],"about":[{"href":"https:\/\/konveks.eu\/de\/wp-json\/wp\/v2\/types\/product"}],"version-history":[{"count":4,"href":"https:\/\/konveks.eu\/de\/wp-json\/wp\/v2\/product\/1254\/revisions"}],"predecessor-version":[{"id":2258,"href":"https:\/\/konveks.eu\/de\/wp-json\/wp\/v2\/product\/1254\/revisions\/2258"}],"wp:featuredmedia":[{"embeddable":true,"href":"https:\/\/konveks.eu\/de\/wp-json\/wp\/v2\/media\/1555"}],"wp:attachment":[{"href":"https:\/\/konveks.eu\/de\/wp-json\/wp\/v2\/media?parent=1254"}],"curies":[{"name":"wp","href":"https:\/\/api.w.org\/{rel}","templated":true}]}}