{"id":1196,"date":"2020-07-08T21:16:21","date_gmt":"2020-07-08T21:16:21","guid":{"rendered":"http:\/\/konveks.eu\/izdelek\/nosilec-za-steber-obcestne-razsvetljave\/"},"modified":"2020-07-12T13:38:57","modified_gmt":"2020-07-12T13:38:57","slug":"nosilec-za-steber-obcestne-razsvetljave","status":"publish","type":"product","link":"https:\/\/konveks.eu\/de\/izdelek\/nosilec-za-steber-obcestne-razsvetljave\/","title":{"rendered":"Nosilec za steber obcestne razsvetljave"},"content":{"rendered":"<div class=\"wpforms-container wpforms-container-full\" id=\"wpforms-1787\"><form id=\"wpforms-form-1787\" class=\"wpforms-validate wpforms-form\" data-formid=\"1787\" method=\"post\" enctype=\"multipart\/form-data\" action=\"\/de\/wp-json\/wp\/v2\/product\/1196\" data-token=\"365c3e54b26a381bb7f99c14027583ad\" data-trp-original-action=\"\/de\/wp-json\/wp\/v2\/product\/1196\"><div class=\"wpforms-head-container\"><div class=\"wpforms-title\">Schicken Sie Ihre Anfrage<\/div><\/div><noscript class=\"wpforms-error-noscript\">Bitte aktiviere JavaScript in deinem Browser, um dieses Formular fertigzustellen.<\/noscript><div class=\"wpforms-field-container\"><div id=\"wpforms-1787-field_0-container\" class=\"wpforms-field wpforms-field-name wpforms-one-half wpforms-first\" data-field-id=\"0\"><label class=\"wpforms-field-label\" for=\"wpforms-1787-field_0\">Name <span class=\"wpforms-required-label\">*<\/span><\/label><input type=\"text\" id=\"wpforms-1787-field_0\" class=\"wpforms-field-large wpforms-field-required\" name=\"wpforms[fields][0]\" required><\/div><div id=\"wpforms-1787-field_3-container\" class=\"wpforms-field wpforms-field-name wpforms-one-half\" data-field-id=\"3\"><label class=\"wpforms-field-label\" for=\"wpforms-1787-field_3\">Company<\/label><input type=\"text\" id=\"wpforms-1787-field_3\" class=\"wpforms-field-large\" name=\"wpforms[fields][3]\" ><\/div><div id=\"wpforms-1787-field_4-container\" class=\"wpforms-field wpforms-field-text wpforms-one-half wpforms-first\" data-field-id=\"4\"><label class=\"wpforms-field-label\" for=\"wpforms-1787-field_4\">Address<\/label><input type=\"text\" id=\"wpforms-1787-field_4\" class=\"wpforms-field-large\" name=\"wpforms[fields][4]\" ><\/div><div id=\"wpforms-1787-field_7-container\" class=\"wpforms-field wpforms-field-text wpforms-one-half\" data-field-id=\"7\"><label class=\"wpforms-field-label\" for=\"wpforms-1787-field_7\">Phone<\/label><input type=\"text\" id=\"wpforms-1787-field_7\" class=\"wpforms-field-large\" name=\"wpforms[fields][7]\" ><\/div><div id=\"wpforms-1787-field_1-container\" class=\"wpforms-field wpforms-field-email wpforms-one-half wpforms-first\" data-field-id=\"1\"><label class=\"wpforms-field-label\" for=\"wpforms-1787-field_1\">E-mail <span class=\"wpforms-required-label\">*<\/span><\/label><input type=\"email\" id=\"wpforms-1787-field_1\" class=\"wpforms-field-large wpforms-field-required\" name=\"wpforms[fields][1]\" required><\/div><div id=\"wpforms-1787-field_2-container\" class=\"wpforms-field wpforms-field-textarea wpforms-one-half\" data-field-id=\"2\"><label class=\"wpforms-field-label\" for=\"wpforms-1787-field_2\">Mesage<\/label><textarea id=\"wpforms-1787-field_2\" class=\"wpforms-field-small\" name=\"wpforms[fields][2]\" ><\/textarea><\/div><\/div><div class=\"wpforms-field wpforms-field-hp\"><label for=\"wpforms-1787-field-hp\" class=\"wpforms-field-label\">Message<\/label><input type=\"text\" name=\"wpforms[hp]\" id=\"wpforms-1787-field-hp\" class=\"wpforms-field-medium\"><\/div><div class=\"wpforms-submit-container\" ><input type=\"hidden\" name=\"wpforms[id]\" value=\"1787\"><input type=\"hidden\" name=\"wpforms[author]\" value=\"1\"><button type=\"submit\" name=\"wpforms[submit]\" class=\"wpforms-submit\" id=\"wpforms-submit-1787\" value=\"wpforms-submit\" aria-live=\"assertive\" data-alt-text=\"Sending...\" data-submit-text=\"Send an inquiry\">Schicken Sie Ihre Anfrage<\/button><\/div><input type=\"hidden\" name=\"trp-form-language\" value=\"de\"\/><\/form><\/div>  <!-- .wpforms-container -->","protected":false},"excerpt":{"rendered":"<p>Izdelava nosilcev za\u00a0 prometno ogledalo, po meri, za monta\u017eo na nestandardne stebre premerov ve\u010djih od 70 mm (npr. za steber uli\u010dne razsvetljave). Ob naro\u010dilu podajte informacijo obsega ali premera stebra na vi\u0161ini, kjer se bo montiralo prometno ogledalo.<\/p>","protected":false},"featured_media":1197,"template":"","meta":[],"_links":{"self":[{"href":"https:\/\/konveks.eu\/de\/wp-json\/wp\/v2\/product\/1196"}],"collection":[{"href":"https:\/\/konveks.eu\/de\/wp-json\/wp\/v2\/product"}],"about":[{"href":"https:\/\/konveks.eu\/de\/wp-json\/wp\/v2\/types\/product"}],"version-history":[{"count":2,"href":"https:\/\/konveks.eu\/de\/wp-json\/wp\/v2\/product\/1196\/revisions"}],"predecessor-version":[{"id":2074,"href":"https:\/\/konveks.eu\/de\/wp-json\/wp\/v2\/product\/1196\/revisions\/2074"}],"wp:featuredmedia":[{"embeddable":true,"href":"https:\/\/konveks.eu\/de\/wp-json\/wp\/v2\/media\/1197"}],"wp:attachment":[{"href":"https:\/\/konveks.eu\/de\/wp-json\/wp\/v2\/media?parent=1196"}],"curies":[{"name":"wp","href":"https:\/\/api.w.org\/{rel}","templated":true}]}}