{"id":1166,"date":"2020-07-08T21:16:14","date_gmt":"2020-07-08T19:16:14","guid":{"rendered":"http:\/\/konveks.eu\/izdelek\/nadzorna-kupola-180-1000-mm\/"},"modified":"2020-07-28T20:16:38","modified_gmt":"2020-07-28T18:16:38","slug":"nadzorna-kupola-180-1000-mm","status":"publish","type":"product","link":"https:\/\/konveks.eu\/de\/izdelek\/nadzorna-kupola-180-1000-mm\/","title":{"rendered":"Nadzorna kupola 180\u00b0- 1000 mm"},"content":{"rendered":"<div class=\"wpforms-container wpforms-container-full\" id=\"wpforms-2029\"><form id=\"wpforms-form-2029\" class=\"wpforms-validate wpforms-form\" data-formid=\"2029\" method=\"post\" enctype=\"multipart\/form-data\" action=\"\/de\/wp-json\/wp\/v2\/product\/1166\" data-token=\"56bfccfdad2be83e433a4117bfd474bd\" data-trp-original-action=\"\/de\/wp-json\/wp\/v2\/product\/1166\"><div class=\"wpforms-head-container\"><div class=\"wpforms-title\">An inquiry for safety mirrors<\/div><\/div><noscript class=\"wpforms-error-noscript\">Bitte aktiviere JavaScript in deinem Browser, um dieses Formular fertigzustellen.<\/noscript><div class=\"wpforms-field-container\"><div id=\"wpforms-2029-field_0-container\" class=\"wpforms-field wpforms-field-name wpforms-one-half wpforms-first\" data-field-id=\"0\"><label class=\"wpforms-field-label\" for=\"wpforms-2029-field_0\">Name <span class=\"wpforms-required-label\">*<\/span><\/label><input type=\"text\" id=\"wpforms-2029-field_0\" class=\"wpforms-field-large wpforms-field-required\" name=\"wpforms[fields][0]\" required><\/div><div id=\"wpforms-2029-field_3-container\" class=\"wpforms-field wpforms-field-name wpforms-one-half\" data-field-id=\"3\"><label class=\"wpforms-field-label\" for=\"wpforms-2029-field_3\">Company<\/label><input type=\"text\" id=\"wpforms-2029-field_3\" class=\"wpforms-field-large\" name=\"wpforms[fields][3]\" ><\/div><div id=\"wpforms-2029-field_4-container\" class=\"wpforms-field wpforms-field-text wpforms-one-half wpforms-first\" data-field-id=\"4\"><label class=\"wpforms-field-label\" for=\"wpforms-2029-field_4\">Address<\/label><input type=\"text\" id=\"wpforms-2029-field_4\" class=\"wpforms-field-large\" name=\"wpforms[fields][4]\" ><\/div><div id=\"wpforms-2029-field_7-container\" class=\"wpforms-field wpforms-field-text wpforms-one-half\" data-field-id=\"7\"><label class=\"wpforms-field-label\" for=\"wpforms-2029-field_7\">Phone<\/label><input type=\"text\" id=\"wpforms-2029-field_7\" class=\"wpforms-field-large\" name=\"wpforms[fields][7]\" ><\/div><div id=\"wpforms-2029-field_1-container\" class=\"wpforms-field wpforms-field-email wpforms-one-half wpforms-first\" data-field-id=\"1\"><label class=\"wpforms-field-label\" for=\"wpforms-2029-field_1\">E-mail <span class=\"wpforms-required-label\">*<\/span><\/label><input type=\"email\" id=\"wpforms-2029-field_1\" class=\"wpforms-field-large wpforms-field-required\" name=\"wpforms[fields][1]\" required><\/div><div id=\"wpforms-2029-field_2-container\" class=\"wpforms-field wpforms-field-textarea wpforms-one-half\" data-field-id=\"2\"><label class=\"wpforms-field-label\" for=\"wpforms-2029-field_2\">Mesage<\/label><textarea id=\"wpforms-2029-field_2\" class=\"wpforms-field-small\" name=\"wpforms[fields][2]\" ><\/textarea><\/div><\/div><div class=\"wpforms-field wpforms-field-hp\"><label for=\"wpforms-2029-field-hp\" class=\"wpforms-field-label\">Phone<\/label><input type=\"text\" name=\"wpforms[hp]\" id=\"wpforms-2029-field-hp\" class=\"wpforms-field-medium\"><\/div><div class=\"wpforms-submit-container\" ><input type=\"hidden\" name=\"wpforms[id]\" value=\"2029\"><input type=\"hidden\" name=\"wpforms[author]\" value=\"1\"><button type=\"submit\" name=\"wpforms[submit]\" class=\"wpforms-submit\" id=\"wpforms-submit-2029\" value=\"wpforms-submit\" aria-live=\"assertive\" data-alt-text=\"Sending...\" data-submit-text=\"Send inquiry\">Send inquiry<\/button><\/div><input type=\"hidden\" name=\"trp-form-language\" value=\"de\"\/><\/form><\/div>  <!-- .wpforms-container -->\n<p class=\"text-justify\">","protected":false},"excerpt":{"rendered":"<p>Ogledalo iz visoko kvalitetnega pleksi stekla je namenjeno izbolj\u0161anju preglednosti T kri\u017ei\u0161\u010d transportnih poti.<\/p>\n<p class=\"text-justify\">Kot nadzora do\u00a0180\u00b0<\/p>\n<p>Dimenzija 1000 x 500 mm<\/p>","protected":false},"featured_media":1165,"template":"","meta":[],"_links":{"self":[{"href":"https:\/\/konveks.eu\/de\/wp-json\/wp\/v2\/product\/1166"}],"collection":[{"href":"https:\/\/konveks.eu\/de\/wp-json\/wp\/v2\/product"}],"about":[{"href":"https:\/\/konveks.eu\/de\/wp-json\/wp\/v2\/types\/product"}],"version-history":[{"count":2,"href":"https:\/\/konveks.eu\/de\/wp-json\/wp\/v2\/product\/1166\/revisions"}],"predecessor-version":[{"id":2043,"href":"https:\/\/konveks.eu\/de\/wp-json\/wp\/v2\/product\/1166\/revisions\/2043"}],"wp:featuredmedia":[{"embeddable":true,"href":"https:\/\/konveks.eu\/de\/wp-json\/wp\/v2\/media\/1165"}],"wp:attachment":[{"href":"https:\/\/konveks.eu\/de\/wp-json\/wp\/v2\/media?parent=1166"}],"curies":[{"name":"wp","href":"https:\/\/api.w.org\/{rel}","templated":true}]}}