{"id":1030,"date":"2020-06-29T20:09:33","date_gmt":"2020-06-29T20:09:33","guid":{"rendered":"http:\/\/konveks.eu\/?post_type=product&#038;p=1030"},"modified":"2020-07-22T20:40:37","modified_gmt":"2020-07-22T20:40:37","slug":"nadzorno-ogledalo-pleksi-fi-400-mm","status":"publish","type":"product","link":"https:\/\/konveks.eu\/de\/izdelek\/nadzorno-ogledalo-pleksi-fi-400-mm\/","title":{"rendered":"Nadzorno ogledalo &#8211; pleksi fi 400 mm"},"content":{"rendered":"<div class=\"wpforms-container wpforms-container-full\" id=\"wpforms-2029\"><form id=\"wpforms-form-2029\" class=\"wpforms-validate wpforms-form\" data-formid=\"2029\" method=\"post\" enctype=\"multipart\/form-data\" action=\"\/de\/wp-json\/wp\/v2\/product\/1030\" data-token=\"56bfccfdad2be83e433a4117bfd474bd\" data-trp-original-action=\"\/de\/wp-json\/wp\/v2\/product\/1030\"><div class=\"wpforms-head-container\"><div class=\"wpforms-title\">An inquiry for safety mirrors<\/div><\/div><noscript class=\"wpforms-error-noscript\">Bitte aktiviere JavaScript in deinem Browser, um dieses Formular fertigzustellen.<\/noscript><div class=\"wpforms-field-container\"><div id=\"wpforms-2029-field_0-container\" class=\"wpforms-field wpforms-field-name wpforms-one-half wpforms-first\" data-field-id=\"0\"><label class=\"wpforms-field-label\" for=\"wpforms-2029-field_0\">Name <span class=\"wpforms-required-label\">*<\/span><\/label><input type=\"text\" id=\"wpforms-2029-field_0\" class=\"wpforms-field-large wpforms-field-required\" name=\"wpforms[fields][0]\" required><\/div><div id=\"wpforms-2029-field_3-container\" class=\"wpforms-field wpforms-field-name wpforms-one-half\" data-field-id=\"3\"><label class=\"wpforms-field-label\" for=\"wpforms-2029-field_3\">Company<\/label><input type=\"text\" id=\"wpforms-2029-field_3\" class=\"wpforms-field-large\" name=\"wpforms[fields][3]\" ><\/div><div id=\"wpforms-2029-field_4-container\" class=\"wpforms-field wpforms-field-text wpforms-one-half wpforms-first\" data-field-id=\"4\"><label class=\"wpforms-field-label\" for=\"wpforms-2029-field_4\">Address<\/label><input type=\"text\" id=\"wpforms-2029-field_4\" class=\"wpforms-field-large\" name=\"wpforms[fields][4]\" ><\/div><div id=\"wpforms-2029-field_7-container\" class=\"wpforms-field wpforms-field-text wpforms-one-half\" data-field-id=\"7\"><label class=\"wpforms-field-label\" for=\"wpforms-2029-field_7\">Phone<\/label><input type=\"text\" id=\"wpforms-2029-field_7\" class=\"wpforms-field-large\" name=\"wpforms[fields][7]\" ><\/div><div id=\"wpforms-2029-field_1-container\" class=\"wpforms-field wpforms-field-email wpforms-one-half wpforms-first\" data-field-id=\"1\"><label class=\"wpforms-field-label\" for=\"wpforms-2029-field_1\">E-mail <span class=\"wpforms-required-label\">*<\/span><\/label><input type=\"email\" id=\"wpforms-2029-field_1\" class=\"wpforms-field-large wpforms-field-required\" name=\"wpforms[fields][1]\" required><\/div><div id=\"wpforms-2029-field_2-container\" class=\"wpforms-field wpforms-field-textarea wpforms-one-half\" data-field-id=\"2\"><label class=\"wpforms-field-label\" for=\"wpforms-2029-field_2\">Mesage<\/label><textarea id=\"wpforms-2029-field_2\" class=\"wpforms-field-small\" name=\"wpforms[fields][2]\" ><\/textarea><\/div><\/div><div class=\"wpforms-field wpforms-field-hp\"><label for=\"wpforms-2029-field-hp\" class=\"wpforms-field-label\">Comment<\/label><input type=\"text\" name=\"wpforms[hp]\" id=\"wpforms-2029-field-hp\" class=\"wpforms-field-medium\"><\/div><div class=\"wpforms-submit-container\" ><input type=\"hidden\" name=\"wpforms[id]\" value=\"2029\"><input type=\"hidden\" name=\"wpforms[author]\" value=\"1\"><button type=\"submit\" name=\"wpforms[submit]\" class=\"wpforms-submit\" id=\"wpforms-submit-2029\" value=\"wpforms-submit\" aria-live=\"assertive\" data-alt-text=\"Sending...\" data-submit-text=\"Send inquiry\">Send inquiry<\/button><\/div><input type=\"hidden\" name=\"trp-form-language\" value=\"de\"\/><\/form><\/div>  <!-- .wpforms-container -->","protected":false},"excerpt":{"rendered":"<p>Nadzorno konveksno ogledalo je namenjena nadzoru slab\u0161e vidnih delov trgovin, skladi\u0161\u010d, nepreglednih kri\u017ei\u0161\u010d vili\u010darskih transportnih poti v skladi\u0161\u010dih.<\/p>\n<p>Material: Pleksi steklo<\/p>\n<p>Dimenzija: fi 400 mm<\/p>\n<p>Kot nadzora do 120\u00b0<\/p>\n<p>Ogledala so v kompletu z nosilcem za monta\u017eo v strop ali steno.<\/p>","protected":false},"featured_media":1026,"template":"","meta":[],"_links":{"self":[{"href":"https:\/\/konveks.eu\/de\/wp-json\/wp\/v2\/product\/1030"}],"collection":[{"href":"https:\/\/konveks.eu\/de\/wp-json\/wp\/v2\/product"}],"about":[{"href":"https:\/\/konveks.eu\/de\/wp-json\/wp\/v2\/types\/product"}],"version-history":[{"count":2,"href":"https:\/\/konveks.eu\/de\/wp-json\/wp\/v2\/product\/1030\/revisions"}],"predecessor-version":[{"id":2048,"href":"https:\/\/konveks.eu\/de\/wp-json\/wp\/v2\/product\/1030\/revisions\/2048"}],"wp:featuredmedia":[{"embeddable":true,"href":"https:\/\/konveks.eu\/de\/wp-json\/wp\/v2\/media\/1026"}],"wp:attachment":[{"href":"https:\/\/konveks.eu\/de\/wp-json\/wp\/v2\/media?parent=1030"}],"curies":[{"name":"wp","href":"https:\/\/api.w.org\/{rel}","templated":true}]}}